{"id":216,"date":"2025-03-03T21:11:24","date_gmt":"2025-03-03T21:11:24","guid":{"rendered":"https:\/\/valledevida.cl\/?post_type=product&#038;p=216"},"modified":"2026-04-22T23:06:21","modified_gmt":"2026-04-22T23:06:21","slug":"afrodisex-pack-3-frascos","status":"publish","type":"product","link":"https:\/\/valledevida.cl\/?product=afrodisex-pack-3-frascos","title":{"rendered":"Afrodisex \u2013 Pack 3 Frascos"},"content":{"rendered":"<p data-start=\"130\" data-end=\"262\"><strong data-start=\"130\" data-end=\"146\">Afrodisex<\/strong><br data-start=\"146\" data-end=\"149\" \/>Potenciador sexual natural que mejora la l\u00edbido, estimula la energ\u00eda y favorece el rendimiento f\u00edsico y mental.<\/p>\n<p data-start=\"264\" data-end=\"373\"><strong data-start=\"264\" data-end=\"283\">\u2728 Ingredientes:<\/strong><br data-start=\"283\" data-end=\"286\" \/>\u2013 Huanarpo<br data-start=\"296\" data-end=\"299\" \/>\u2013 Damiana<br data-start=\"308\" data-end=\"311\" \/>\u2013 Maca<br data-start=\"317\" data-end=\"320\" \/>\u2013 Hierba de clavo<br data-start=\"337\" data-end=\"340\" \/>\u2013 Vitamina B6<br data-start=\"353\" data-end=\"356\" \/>\u2013 Maltodextrina<\/p>\n<p data-start=\"375\" data-end=\"533\"><strong data-start=\"375\" data-end=\"393\">\ud83c\udf1f Beneficios:<\/strong><br data-start=\"393\" data-end=\"396\" \/>\u2013 \ud83d\udc98 Estimula el deseo sexual y el rendimiento.<br data-start=\"443\" data-end=\"446\" \/>\u2013 \u26a1 Aporta energ\u00eda f\u00edsica y mental.<br data-start=\"481\" data-end=\"484\" \/>\u2013 \ud83d\udcaa Contribuye a mejorar la vitalidad general.<\/p>\n","protected":false},"excerpt":{"rendered":"<p>Cada frasco 60 c\u00e1psulas<\/p>\n","protected":false},"featured_media":920,"comment_status":"open","ping_status":"closed","template":"","meta":{"om_disable_all_campaigns":false},"product_brand":[],"product_cat":[28,27],"product_tag":[],"class_list":{"0":"post-216","1":"product","2":"type-product","3":"status-publish","4":"has-post-thumbnail","6":"product_cat-energia-y-sexualidad","7":"product_cat-vitalidad","9":"first","10":"instock","11":"taxable","12":"shipping-taxable","13":"purchasable","14":"product-type-simple"},"jetpack_sharing_enabled":true,"_links":{"self":[{"href":"https:\/\/valledevida.cl\/index.php?rest_route=\/wp\/v2\/product\/216","targetHints":{"allow":["GET"]}}],"collection":[{"href":"https:\/\/valledevida.cl\/index.php?rest_route=\/wp\/v2\/product"}],"about":[{"href":"https:\/\/valledevida.cl\/index.php?rest_route=\/wp\/v2\/types\/product"}],"replies":[{"embeddable":true,"href":"https:\/\/valledevida.cl\/index.php?rest_route=%2Fwp%2Fv2%2Fcomments&post=216"}],"wp:featuredmedia":[{"embeddable":true,"href":"https:\/\/valledevida.cl\/index.php?rest_route=\/wp\/v2\/media\/920"}],"wp:attachment":[{"href":"https:\/\/valledevida.cl\/index.php?rest_route=%2Fwp%2Fv2%2Fmedia&parent=216"}],"wp:term":[{"taxonomy":"product_brand","embeddable":true,"href":"https:\/\/valledevida.cl\/index.php?rest_route=%2Fwp%2Fv2%2Fproduct_brand&post=216"},{"taxonomy":"product_cat","embeddable":true,"href":"https:\/\/valledevida.cl\/index.php?rest_route=%2Fwp%2Fv2%2Fproduct_cat&post=216"},{"taxonomy":"product_tag","embeddable":true,"href":"https:\/\/valledevida.cl\/index.php?rest_route=%2Fwp%2Fv2%2Fproduct_tag&post=216"}],"curies":[{"name":"wp","href":"https:\/\/api.w.org\/{rel}","templated":true}]}}