{"id":223,"date":"2025-03-03T21:18:15","date_gmt":"2025-03-03T21:18:15","guid":{"rendered":"https:\/\/valledevida.cl\/?post_type=product&#038;p=223"},"modified":"2026-04-14T20:57:54","modified_gmt":"2026-04-14T20:57:54","slug":"colon-pax-t-pack-3-frascos","status":"publish","type":"product","link":"https:\/\/valledevida.cl\/?product=colon-pax-t-pack-3-frascos","title":{"rendered":"Colon Pax-T \u2013 Pack 3 frascos"},"content":{"rendered":"<p data-start=\"92\" data-end=\"271\"><strong data-start=\"92\" data-end=\"107\">\ud83c\udf3f Colonpax<\/strong><br data-start=\"107\" data-end=\"110\" \/>F\u00f3rmula natural que ayuda a aliviar el estre\u00f1imiento cr\u00f3nico, desinflama el colon, mejora la funci\u00f3n digestiva y contribuye a la desintoxicaci\u00f3n del organismo.<\/p>\n<p data-start=\"273\" data-end=\"412\"><strong data-start=\"273\" data-end=\"292\">\u2728 Ingredientes:<\/strong><br data-start=\"292\" data-end=\"295\" \/>\u2013 Peumus boldus (50 mg)<br data-start=\"318\" data-end=\"321\" \/>\u2013 Melissa officinalis (50 mg)<br data-start=\"350\" data-end=\"353\" \/>\u2013 Sangre de Drago (50 mg)<br data-start=\"378\" data-end=\"381\" \/>\u2013 Chamomilla recutita (50 mg)<\/p>\n<p data-start=\"414\" data-end=\"630\"><strong data-start=\"414\" data-end=\"432\">\ud83c\udf1f Beneficios:<\/strong><br data-start=\"432\" data-end=\"435\" \/>\u2013 \ud83c\udf43 Mejora la digesti\u00f3n y el tr\u00e1nsito intestinal.<br data-start=\"485\" data-end=\"488\" \/>\u2013 \ud83d\udca8 Alivia gases e inflamaci\u00f3n abdominal.<br data-start=\"530\" data-end=\"533\" \/>\u2013 \ud83d\udc86 Calma molestias estomacales y \u00falceras.<br data-start=\"576\" data-end=\"579\" \/>\u2013 \ud83e\uddf9 Ayuda a depurar y desintoxicar el organismo.<\/p>\n","protected":false},"excerpt":{"rendered":"<p>Cada frasco contiene 60 c\u00e1psulas<\/p>\n","protected":false},"featured_media":925,"comment_status":"open","ping_status":"closed","template":"","meta":{"om_disable_all_campaigns":false},"product_brand":[],"product_cat":[29],"product_tag":[],"class_list":{"0":"post-223","1":"product","2":"type-product","3":"status-publish","4":"has-post-thumbnail","6":"product_cat-salud-digestiva-y-detox","8":"first","9":"instock","10":"taxable","11":"shipping-taxable","12":"purchasable","13":"product-type-simple"},"jetpack_sharing_enabled":true,"_links":{"self":[{"href":"https:\/\/valledevida.cl\/index.php?rest_route=\/wp\/v2\/product\/223","targetHints":{"allow":["GET"]}}],"collection":[{"href":"https:\/\/valledevida.cl\/index.php?rest_route=\/wp\/v2\/product"}],"about":[{"href":"https:\/\/valledevida.cl\/index.php?rest_route=\/wp\/v2\/types\/product"}],"replies":[{"embeddable":true,"href":"https:\/\/valledevida.cl\/index.php?rest_route=%2Fwp%2Fv2%2Fcomments&post=223"}],"wp:featuredmedia":[{"embeddable":true,"href":"https:\/\/valledevida.cl\/index.php?rest_route=\/wp\/v2\/media\/925"}],"wp:attachment":[{"href":"https:\/\/valledevida.cl\/index.php?rest_route=%2Fwp%2Fv2%2Fmedia&parent=223"}],"wp:term":[{"taxonomy":"product_brand","embeddable":true,"href":"https:\/\/valledevida.cl\/index.php?rest_route=%2Fwp%2Fv2%2Fproduct_brand&post=223"},{"taxonomy":"product_cat","embeddable":true,"href":"https:\/\/valledevida.cl\/index.php?rest_route=%2Fwp%2Fv2%2Fproduct_cat&post=223"},{"taxonomy":"product_tag","embeddable":true,"href":"https:\/\/valledevida.cl\/index.php?rest_route=%2Fwp%2Fv2%2Fproduct_tag&post=223"}],"curies":[{"name":"wp","href":"https:\/\/api.w.org\/{rel}","templated":true}]}}