{"id":232,"date":"2025-03-03T21:34:38","date_gmt":"2025-03-03T21:34:38","guid":{"rendered":"https:\/\/valledevida.cl\/?post_type=product&#038;p=232"},"modified":"2026-04-14T20:53:45","modified_gmt":"2026-04-14T20:53:45","slug":"vari-plus-pack-3-frascos","status":"publish","type":"product","link":"https:\/\/valledevida.cl\/?product=vari-plus-pack-3-frascos","title":{"rendered":"Vari Plus &#8211; Pack 3 Frascos"},"content":{"rendered":"<p>F\u00f3rmula natural que mejora el flujo sangu\u00edneo, activa la circulaci\u00f3n y alivia la inflamaci\u00f3n en piernas cansadas y adoloridas, ayudando a prevenir la aparici\u00f3n de v\u00e1rices.<\/p>\n<p>\u2728 Ingredientes:<br \/>\n\u2013 Casta\u00f1o de Indias (80 mg)<br \/>\n\u2013 Shitake (100 mg)<br \/>\n\u2013 Hamamelis (100 mg)<br \/>\n\u2013 Sanguinaria (100 mg)<\/p>\n<p>\ud83c\udf1f Beneficios:<br \/>\n\u2013 \ud83e\ude78 Mejora la circulaci\u00f3n venosa.<br \/>\n\u2013 \ud83e\uddb5 Alivia s\u00edntomas de v\u00e1rices, pesadez e inflamaci\u00f3n en las piernas.<br \/>\n\u2013 \ud83c\udf3f Favorece el bienestar de las venas y capilares.<\/p>\n","protected":false},"excerpt":{"rendered":"<p>Cada frasco contiene 60 c\u00e1psulas<\/p>\n","protected":false},"featured_media":936,"comment_status":"open","ping_status":"closed","template":"","meta":{"om_disable_all_campaigns":false},"product_brand":[],"product_cat":[26],"product_tag":[],"class_list":{"0":"post-232","1":"product","2":"type-product","3":"status-publish","4":"has-post-thumbnail","6":"product_cat-salud-circulatoria-y-cardiovascular","8":"first","9":"instock","10":"taxable","11":"shipping-taxable","12":"purchasable","13":"product-type-simple"},"jetpack_sharing_enabled":true,"_links":{"self":[{"href":"https:\/\/valledevida.cl\/index.php?rest_route=\/wp\/v2\/product\/232","targetHints":{"allow":["GET"]}}],"collection":[{"href":"https:\/\/valledevida.cl\/index.php?rest_route=\/wp\/v2\/product"}],"about":[{"href":"https:\/\/valledevida.cl\/index.php?rest_route=\/wp\/v2\/types\/product"}],"replies":[{"embeddable":true,"href":"https:\/\/valledevida.cl\/index.php?rest_route=%2Fwp%2Fv2%2Fcomments&post=232"}],"wp:featuredmedia":[{"embeddable":true,"href":"https:\/\/valledevida.cl\/index.php?rest_route=\/wp\/v2\/media\/936"}],"wp:attachment":[{"href":"https:\/\/valledevida.cl\/index.php?rest_route=%2Fwp%2Fv2%2Fmedia&parent=232"}],"wp:term":[{"taxonomy":"product_brand","embeddable":true,"href":"https:\/\/valledevida.cl\/index.php?rest_route=%2Fwp%2Fv2%2Fproduct_brand&post=232"},{"taxonomy":"product_cat","embeddable":true,"href":"https:\/\/valledevida.cl\/index.php?rest_route=%2Fwp%2Fv2%2Fproduct_cat&post=232"},{"taxonomy":"product_tag","embeddable":true,"href":"https:\/\/valledevida.cl\/index.php?rest_route=%2Fwp%2Fv2%2Fproduct_tag&post=232"}],"curies":[{"name":"wp","href":"https:\/\/api.w.org\/{rel}","templated":true}]}}