{"id":393,"date":"2025-07-09T20:42:47","date_gmt":"2025-07-09T20:42:47","guid":{"rendered":"https:\/\/valledevida.cl\/?post_type=product&#038;p=393"},"modified":"2026-04-22T23:01:50","modified_gmt":"2026-04-22T23:01:50","slug":"flexi-artrit-pack-3-frascos","status":"publish","type":"product","link":"https:\/\/valledevida.cl\/?product=flexi-artrit-pack-3-frascos","title":{"rendered":"Flexi Artrit &#8211; Pack 3 Frascos"},"content":{"rendered":"<div>\n<div><strong>Cada frascos contiene 60 c\u00e1psulas<\/strong><\/div>\n<div><strong>Se recomienda 2 c\u00e1psulas\u00a0por d\u00eda<\/strong><\/div>\n<\/div>\n<p><img decoding=\"async\" class=\"an1\" draggable=\"false\" src=\"https:\/\/fonts.gstatic.com\/s\/e\/notoemoji\/16.0\/1f49a\/32.png\" alt=\"\ud83d\udc9a\" data-emoji=\"\ud83d\udc9a\" aria-label=\"\ud83d\udc9a\" \/>\u00a0<strong>Apoyo avanzado para tus articulaciones<\/strong><\/p>\n<p><strong>Beneficios:<\/strong><\/p>\n<ul>\n<li>Ayuda a reducir el dolor y la inflamaci\u00f3n en articulaciones.<\/li>\n<li>Contribuye a mejorar la movilidad y flexibilidad articular.<\/li>\n<li>Ideal para personas con desgaste por edad, actividad f\u00edsica o artritis.<\/li>\n<li>F\u00f3rmula con ingredientes naturales que fortalecen cart\u00edlagos y tejidos conectivos.<\/li>\n<\/ul>\n<p><img decoding=\"async\" class=\"an1\" draggable=\"false\" src=\"https:\/\/fonts.gstatic.com\/s\/e\/notoemoji\/16.0\/2728\/32.png\" alt=\"\u2728\" data-emoji=\"\u2728\" aria-label=\"\u2728\" \/>\u00a0<em>Recomendado para quienes buscan volver a moverse con libertad y sin molestias.<\/em><\/p>\n<p><em><br \/>\nIngredientes:<br \/>\n\u2013 Col\u00e1geno marino, u\u00f1a de gato, glucosamina, sauce blanco, chuchuhuasi, hip\u00e9rico, cart\u00edlago de tibur\u00f3n, c\u00farcuma<br \/>\nBeneficios:<br \/>\n\u2013 Mejora movilidad articular.<br \/>\n\u2013 Alivia dolor e inflamaci\u00f3n.<\/em><\/p>\n<p>&nbsp;<\/p>\n","protected":false},"excerpt":{"rendered":"<p>60 c\u00e1psulas cada frasco<\/p>\n","protected":false},"featured_media":932,"comment_status":"open","ping_status":"closed","template":"","meta":{"om_disable_all_campaigns":false},"product_brand":[],"product_cat":[24],"product_tag":[],"class_list":{"0":"post-393","1":"product","2":"type-product","3":"status-publish","4":"has-post-thumbnail","6":"product_cat-articulaciones-y-musculos","8":"first","9":"instock","10":"taxable","11":"shipping-taxable","12":"purchasable","13":"product-type-simple"},"jetpack_sharing_enabled":true,"_links":{"self":[{"href":"https:\/\/valledevida.cl\/index.php?rest_route=\/wp\/v2\/product\/393","targetHints":{"allow":["GET"]}}],"collection":[{"href":"https:\/\/valledevida.cl\/index.php?rest_route=\/wp\/v2\/product"}],"about":[{"href":"https:\/\/valledevida.cl\/index.php?rest_route=\/wp\/v2\/types\/product"}],"replies":[{"embeddable":true,"href":"https:\/\/valledevida.cl\/index.php?rest_route=%2Fwp%2Fv2%2Fcomments&post=393"}],"wp:featuredmedia":[{"embeddable":true,"href":"https:\/\/valledevida.cl\/index.php?rest_route=\/wp\/v2\/media\/932"}],"wp:attachment":[{"href":"https:\/\/valledevida.cl\/index.php?rest_route=%2Fwp%2Fv2%2Fmedia&parent=393"}],"wp:term":[{"taxonomy":"product_brand","embeddable":true,"href":"https:\/\/valledevida.cl\/index.php?rest_route=%2Fwp%2Fv2%2Fproduct_brand&post=393"},{"taxonomy":"product_cat","embeddable":true,"href":"https:\/\/valledevida.cl\/index.php?rest_route=%2Fwp%2Fv2%2Fproduct_cat&post=393"},{"taxonomy":"product_tag","embeddable":true,"href":"https:\/\/valledevida.cl\/index.php?rest_route=%2Fwp%2Fv2%2Fproduct_tag&post=393"}],"curies":[{"name":"wp","href":"https:\/\/api.w.org\/{rel}","templated":true}]}}