{"id":418,"date":"2025-07-09T22:14:48","date_gmt":"2025-07-09T22:14:48","guid":{"rendered":"https:\/\/valledevida.cl\/?post_type=product&#038;p=418"},"modified":"2026-04-14T21:04:57","modified_gmt":"2026-04-14T21:04:57","slug":"flor-de-jamaica-hibiscus-pack-3-frascos","status":"publish","type":"product","link":"https:\/\/valledevida.cl\/?product=flor-de-jamaica-hibiscus-pack-3-frascos","title":{"rendered":"Flor de Jamaica (Hibiscus) &#8211; Pack 3 frascos"},"content":{"rendered":"<p data-start=\"144\" data-end=\"334\"><strong data-start=\"144\" data-end=\"166\">\ud83c\udf3a Flor de Jamaica<\/strong><br data-start=\"166\" data-end=\"169\" \/>Cada frasco contiene <strong data-start=\"190\" data-end=\"205\">60 c\u00e1psulas<\/strong>. Se recomienda consumir <strong data-start=\"230\" data-end=\"256\">1 a 2 c\u00e1psulas por d\u00eda<\/strong>.<br data-start=\"257\" data-end=\"260\" \/>Un apoyo natural para la <strong data-start=\"285\" data-end=\"331\">depuraci\u00f3n, energ\u00eda y un coraz\u00f3n saludable<\/strong>.<\/p>\n<p data-start=\"336\" data-end=\"449\"><strong data-start=\"336\" data-end=\"355\">\u2728 Ingredientes:<\/strong><br data-start=\"355\" data-end=\"358\" \/>\u2013 Flor de Jamaica (500 mg)<br data-start=\"384\" data-end=\"387\" \/>\u2013 \u00c1cido c\u00edtrico<br data-start=\"402\" data-end=\"405\" \/>\u2013 Benzoato de sodio<br data-start=\"424\" data-end=\"427\" \/>\u2013 Gelatina (c\u00e1psula)<\/p>\n<p data-start=\"451\" data-end=\"831\"><strong data-start=\"451\" data-end=\"469\">\ud83c\udf1f Beneficios:<\/strong><br data-start=\"469\" data-end=\"472\" \/>\u2013 \ud83d\udca7 Propiedades diur\u00e9ticas naturales que ayudan a eliminar l\u00edquidos y depurar el organismo.<br data-start=\"564\" data-end=\"567\" \/>\u2013 \u2764\ufe0f Contribuye a la salud del coraz\u00f3n y al control de la presi\u00f3n arterial.<br data-start=\"642\" data-end=\"645\" \/>\u2013 \u2728 Rica en antioxidantes que combaten el envejecimiento celular.<br data-start=\"710\" data-end=\"713\" \/>\u2013 \ud83c\udf3f Refresca, tonifica y ayuda a mantener el metabolismo activo.<br data-start=\"778\" data-end=\"781\" \/>\u2013 \ud83d\udcc9 Ayuda a reducir colesterol y triglic\u00e9ridos.<\/p>\n<p data-start=\"833\" data-end=\"955\"><strong data-start=\"833\" data-end=\"851\">\ud83d\udca1 Ideal para:<\/strong> Quienes buscan sentirse m\u00e1s ligeros, revitalizados y cuidar su salud cardiovascular de forma natural.<\/p>\n","protected":false},"excerpt":{"rendered":"<p>60 c\u00e1psulas cada frasco<\/p>\n","protected":false},"featured_media":940,"comment_status":"open","ping_status":"closed","template":"","meta":{"om_disable_all_campaigns":false},"product_brand":[],"product_cat":[29],"product_tag":[],"class_list":{"0":"post-418","1":"product","2":"type-product","3":"status-publish","4":"has-post-thumbnail","6":"product_cat-salud-digestiva-y-detox","8":"first","9":"instock","10":"taxable","11":"shipping-taxable","12":"purchasable","13":"product-type-simple"},"jetpack_sharing_enabled":true,"_links":{"self":[{"href":"https:\/\/valledevida.cl\/index.php?rest_route=\/wp\/v2\/product\/418","targetHints":{"allow":["GET"]}}],"collection":[{"href":"https:\/\/valledevida.cl\/index.php?rest_route=\/wp\/v2\/product"}],"about":[{"href":"https:\/\/valledevida.cl\/index.php?rest_route=\/wp\/v2\/types\/product"}],"replies":[{"embeddable":true,"href":"https:\/\/valledevida.cl\/index.php?rest_route=%2Fwp%2Fv2%2Fcomments&post=418"}],"wp:featuredmedia":[{"embeddable":true,"href":"https:\/\/valledevida.cl\/index.php?rest_route=\/wp\/v2\/media\/940"}],"wp:attachment":[{"href":"https:\/\/valledevida.cl\/index.php?rest_route=%2Fwp%2Fv2%2Fmedia&parent=418"}],"wp:term":[{"taxonomy":"product_brand","embeddable":true,"href":"https:\/\/valledevida.cl\/index.php?rest_route=%2Fwp%2Fv2%2Fproduct_brand&post=418"},{"taxonomy":"product_cat","embeddable":true,"href":"https:\/\/valledevida.cl\/index.php?rest_route=%2Fwp%2Fv2%2Fproduct_cat&post=418"},{"taxonomy":"product_tag","embeddable":true,"href":"https:\/\/valledevida.cl\/index.php?rest_route=%2Fwp%2Fv2%2Fproduct_tag&post=418"}],"curies":[{"name":"wp","href":"https:\/\/api.w.org\/{rel}","templated":true}]}}