{"id":506,"date":"2025-08-03T23:13:20","date_gmt":"2025-08-03T23:13:20","guid":{"rendered":"https:\/\/valledevida.cl\/?post_type=product&#038;p=506"},"modified":"2026-04-14T20:50:23","modified_gmt":"2026-04-14T20:50:23","slug":"cardo-mariano-pack-2-frascos","status":"publish","type":"product","link":"https:\/\/valledevida.cl\/?product=cardo-mariano-pack-2-frascos","title":{"rendered":"Cardo Mariano Pack 2 Frascos"},"content":{"rendered":"<h3 data-start=\"101\" data-end=\"127\">\ud83c\udf3f <strong data-start=\"108\" data-end=\"125\">Cardo Mariano<\/strong><\/h3>\n<p data-start=\"128\" data-end=\"179\"><strong data-start=\"128\" data-end=\"179\">2 unidades por $25.900\u00a0<\/strong><\/p>\n<p data-start=\"181\" data-end=\"212\"><strong data-start=\"181\" data-end=\"210\">Ingredientes por c\u00e1psula:<\/strong><\/p>\n<ul data-start=\"213\" data-end=\"253\">\n<li data-start=\"213\" data-end=\"253\">\n<p data-start=\"215\" data-end=\"253\">Semilla de Cardo Mariano T.M. (400 mg)<\/p>\n<\/li>\n<\/ul>\n<p data-start=\"255\" data-end=\"378\"><strong data-start=\"255\" data-end=\"282\">Beneficios principales:<\/strong><br data-start=\"282\" data-end=\"285\" \/>\ud83d\udc9a <strong data-start=\"288\" data-end=\"326\">Protecci\u00f3n y regeneraci\u00f3n hep\u00e1tica<\/strong><br data-start=\"326\" data-end=\"329\" \/>\ud83e\uddea <strong data-start=\"332\" data-end=\"378\">Apoya la detoxificaci\u00f3n natural del h\u00edgado<\/strong><\/p>\n<p data-start=\"380\" data-end=\"522\"><strong data-start=\"380\" data-end=\"395\">Ideal para:<\/strong> Personas que buscan cuidar su salud hep\u00e1tica, especialmente tras periodos de fatiga, uso de medicamentos o consumo de alcohol.<\/p>\n","protected":false},"excerpt":{"rendered":"<p>60 c\u00e1psulas cada frasco<\/p>\n","protected":false},"featured_media":922,"comment_status":"open","ping_status":"closed","template":"","meta":{"om_disable_all_campaigns":false},"product_brand":[],"product_cat":[26,27],"product_tag":[],"class_list":{"0":"post-506","1":"product","2":"type-product","3":"status-publish","4":"has-post-thumbnail","6":"product_cat-salud-circulatoria-y-cardiovascular","7":"product_cat-vitalidad","9":"first","10":"instock","11":"taxable","12":"shipping-taxable","13":"purchasable","14":"product-type-simple"},"jetpack_sharing_enabled":true,"_links":{"self":[{"href":"https:\/\/valledevida.cl\/index.php?rest_route=\/wp\/v2\/product\/506","targetHints":{"allow":["GET"]}}],"collection":[{"href":"https:\/\/valledevida.cl\/index.php?rest_route=\/wp\/v2\/product"}],"about":[{"href":"https:\/\/valledevida.cl\/index.php?rest_route=\/wp\/v2\/types\/product"}],"replies":[{"embeddable":true,"href":"https:\/\/valledevida.cl\/index.php?rest_route=%2Fwp%2Fv2%2Fcomments&post=506"}],"wp:featuredmedia":[{"embeddable":true,"href":"https:\/\/valledevida.cl\/index.php?rest_route=\/wp\/v2\/media\/922"}],"wp:attachment":[{"href":"https:\/\/valledevida.cl\/index.php?rest_route=%2Fwp%2Fv2%2Fmedia&parent=506"}],"wp:term":[{"taxonomy":"product_brand","embeddable":true,"href":"https:\/\/valledevida.cl\/index.php?rest_route=%2Fwp%2Fv2%2Fproduct_brand&post=506"},{"taxonomy":"product_cat","embeddable":true,"href":"https:\/\/valledevida.cl\/index.php?rest_route=%2Fwp%2Fv2%2Fproduct_cat&post=506"},{"taxonomy":"product_tag","embeddable":true,"href":"https:\/\/valledevida.cl\/index.php?rest_route=%2Fwp%2Fv2%2Fproduct_tag&post=506"}],"curies":[{"name":"wp","href":"https:\/\/api.w.org\/{rel}","templated":true}]}}