{"id":91,"date":"2025-01-30T20:29:26","date_gmt":"2025-01-30T20:29:26","guid":{"rendered":"https:\/\/valledevida.cl\/?post_type=product&#038;p=91"},"modified":"2026-04-22T23:05:16","modified_gmt":"2026-04-22T23:05:16","slug":"pros-nat-contenido-60","status":"publish","type":"product","link":"https:\/\/valledevida.cl\/?product=pros-nat-contenido-60","title":{"rendered":"Pros Nat \u2013 Pack 3 frascos"},"content":{"rendered":"<p data-start=\"81\" data-end=\"284\"><strong data-start=\"81\" data-end=\"97\">Prost Nat<\/strong><br data-start=\"97\" data-end=\"100\" \/>Suplemento natural que ayuda a prevenir problemas prost\u00e1ticos como la micci\u00f3n frecuente nocturna, el chorro de orina d\u00e9bil o doble y la sensaci\u00f3n de no vaciar la vejiga por completo.<\/p>\n<p data-start=\"286\" data-end=\"391\"><strong data-start=\"286\" data-end=\"305\">\u2728 Ingredientes:<\/strong><br data-start=\"305\" data-end=\"308\" \/>\u2013 Diente de le\u00f3n (10 mg)<br data-start=\"332\" data-end=\"335\" \/>\u2013 Sulfato de zinc (5 mg)<br data-start=\"359\" data-end=\"362\" \/>\u2013 Pepa de calabaza (250 mg)<\/p>\n<p data-start=\"393\" data-end=\"523\"><strong data-start=\"393\" data-end=\"411\">\ud83c\udf1f Beneficios:<\/strong><br data-start=\"411\" data-end=\"414\" \/>\u2013 \ud83e\ude7a Ayuda a reducir la inflamaci\u00f3n prost\u00e1tica.<br data-start=\"461\" data-end=\"464\" \/>\u2013 \ud83d\udca7 Favorece la salud urinaria y el bienestar masculino.<\/p>\n","protected":false},"excerpt":{"rendered":"<p>60 c\u00e1psulas cada frasco<\/p>\n","protected":false},"featured_media":930,"comment_status":"open","ping_status":"closed","template":"","meta":{"om_disable_all_campaigns":false},"product_brand":[],"product_cat":[25],"product_tag":[],"class_list":{"0":"post-91","1":"product","2":"type-product","3":"status-publish","4":"has-post-thumbnail","6":"product_cat-salud-prostatica-y-masculina","8":"first","9":"instock","10":"taxable","11":"shipping-taxable","12":"purchasable","13":"product-type-simple"},"jetpack_sharing_enabled":true,"_links":{"self":[{"href":"https:\/\/valledevida.cl\/index.php?rest_route=\/wp\/v2\/product\/91","targetHints":{"allow":["GET"]}}],"collection":[{"href":"https:\/\/valledevida.cl\/index.php?rest_route=\/wp\/v2\/product"}],"about":[{"href":"https:\/\/valledevida.cl\/index.php?rest_route=\/wp\/v2\/types\/product"}],"replies":[{"embeddable":true,"href":"https:\/\/valledevida.cl\/index.php?rest_route=%2Fwp%2Fv2%2Fcomments&post=91"}],"wp:featuredmedia":[{"embeddable":true,"href":"https:\/\/valledevida.cl\/index.php?rest_route=\/wp\/v2\/media\/930"}],"wp:attachment":[{"href":"https:\/\/valledevida.cl\/index.php?rest_route=%2Fwp%2Fv2%2Fmedia&parent=91"}],"wp:term":[{"taxonomy":"product_brand","embeddable":true,"href":"https:\/\/valledevida.cl\/index.php?rest_route=%2Fwp%2Fv2%2Fproduct_brand&post=91"},{"taxonomy":"product_cat","embeddable":true,"href":"https:\/\/valledevida.cl\/index.php?rest_route=%2Fwp%2Fv2%2Fproduct_cat&post=91"},{"taxonomy":"product_tag","embeddable":true,"href":"https:\/\/valledevida.cl\/index.php?rest_route=%2Fwp%2Fv2%2Fproduct_tag&post=91"}],"curies":[{"name":"wp","href":"https:\/\/api.w.org\/{rel}","templated":true}]}}